{"id":65,"date":"2022-11-24T12:26:45","date_gmt":"2022-11-24T12:26:45","guid":{"rendered":"https:\/\/www.abrihosting.cz\/?page_id=65"},"modified":"2026-04-13T09:47:28","modified_gmt":"2026-04-13T09:47:28","slug":"portfolio","status":"publish","type":"page","link":"https:\/\/www.abrihosting.cz\/en\/portfolio\/","title":{"rendered":"Portfolio"},"content":{"rendered":"<p>[et_pb_section fb_built=&#8220;1&#8243; custom_padding_last_edited=&#8220;on|desktop&#8220; _builder_version=&#8220;4.20.2&#8243; _module_preset=&#8220;6e955b81-c233-4f5c-98ee-c5b22888a5ae&#8220; custom_margin_tablet=&#8220;&#8220; custom_margin_phone=&#8220;&#8220; custom_margin_last_edited=&#8220;on|phone&#8220; custom_padding_tablet=&#8220;&#8220; custom_padding_phone=&#8220;130px||||false|false&#8220; da_disable_devices=&#8220;off|off|off&#8220; global_colors_info=&#8220;{}&#8220; da_is_popup=&#8220;off&#8220; da_exit_intent=&#8220;off&#8220; da_has_close=&#8220;on&#8220; da_alt_close=&#8220;off&#8220; da_dark_close=&#8220;off&#8220; da_not_modal=&#8220;on&#8220; da_is_singular=&#8220;off&#8220; da_with_loader=&#8220;off&#8220; da_has_shadow=&#8220;on&#8220;][et_pb_row column_structure=&#8220;1_2,1_2&#8243; use_custom_gutter=&#8220;on&#8220; _builder_version=&#8220;4.20.2&#8243; _module_preset=&#8220;default&#8220; custom_margin=&#8220;0px||90px||false|false&#8220; global_colors_info=&#8220;{}&#8220;][et_pb_column type=&#8220;1_2&#8243; _builder_version=&#8220;4.17.6&#8243; _module_preset=&#8220;default&#8220; global_colors_info=&#8220;{}&#8220;][et_pb_text _builder_version=&#8220;4.20.2&#8243; _module_preset=&#8220;default&#8220; header_text_color=&#8220;#FFFFFF&#8220; global_colors_info=&#8220;{}&#8220;]<\/p>\n<h1>Portfolio<\/h1>\n<p>[\/et_pb_text][\/et_pb_column][et_pb_column type=&#8220;1_2&#8243; _builder_version=&#8220;4.17.6&#8243; _module_preset=&#8220;default&#8220; global_colors_info=&#8220;{}&#8220;][et_pb_text _builder_version=&#8220;4.20.2&#8243; _module_preset=&#8220;623deee6-a0ed-4c3d-943e-1f074f174e2d&#8220; custom_padding_tablet=&#8220;&#8220; custom_padding_phone=&#8220;|10px||10px|false|false&#8220; custom_padding_last_edited=&#8220;on|phone&#8220; text_orientation_tablet=&#8220;&#8220; text_orientation_phone=&#8220;center&#8220; text_orientation_last_edited=&#8220;on|phone&#8220; border_width_left_tablet=&#8220;&#8220; border_width_left_phone=&#8220;0px&#8220; border_width_left_last_edited=&#8220;on|phone&#8220; global_colors_info=&#8220;{}&#8220;]<\/p>\n<p><strong>We create unique designs<\/strong> Na\u0161im Z\u00e1kazn\u00edk\u016fm dod\u00e1v\u00e1me \u0159e\u0161en\u00ed, kter\u00e9 se dokonale hod\u00ed pro jejich pot\u0159eby. Pod\u00edvejte se na na\u0161i pr\u00e1ci a p\u0159e\u010dt\u011bte si o jednotliv\u00fdch projektech.<\/p>\n<p>[\/et_pb_text][\/et_pb_column][\/et_pb_row][et_pb_row _builder_version=&#8220;4.17.6&#8243; _module_preset=&#8220;default&#8220; custom_margin=&#8220;0px||0px||false|false&#8220; global_colors_info=&#8220;{}&#8220;][et_pb_column type=&#8220;4_4&#8243; _builder_version=&#8220;4.17.6&#8243; _module_preset=&#8220;default&#8220; global_colors_info=&#8220;{}&#8220;][lwp_divi_breadcrumbs home_text=&#8220;\u00davod&#8220; link_color=&#8220;#aaaaaa&#8220; separator_color=&#8220;#aaaaaa&#8220; current_text_color=&#8220;#ffffff&#8220; _builder_version=&#8220;4.17.6&#8243; _module_preset=&#8220;default&#8220; text_orientation=&#8220;left&#8220; global_colors_info=&#8220;{}&#8220;][\/lwp_divi_breadcrumbs][\/et_pb_column][\/et_pb_row][\/et_pb_section][et_pb_section fb_built=&#8220;1&#8243; _builder_version=&#8220;4.17.6&#8243; _module_preset=&#8220;default&#8220; background_color=&#8220;RGBA(255,255,255,0)&#8220; custom_margin=&#8220;0px||||false|false&#8220; custom_padding=&#8220;0px||||false|false&#8220; da_disable_devices=&#8220;off|off|off&#8220; global_colors_info=&#8220;{}&#8220; da_is_popup=&#8220;off&#8220; da_exit_intent=&#8220;off&#8220; da_has_close=&#8220;on&#8220; da_alt_close=&#8220;off&#8220; da_dark_close=&#8220;off&#8220; da_not_modal=&#8220;on&#8220; da_is_singular=&#8220;off&#8220; da_with_loader=&#8220;off&#8220; da_has_shadow=&#8220;on&#8220;][et_pb_row column_structure=&#8220;1_2,1_2&#8243; use_custom_gutter=&#8220;on&#8220; make_equal=&#8220;on&#8220; _builder_version=&#8220;4.20.2&#8243; _module_preset=&#8220;default&#8220; custom_margin=&#8220;||30px||false|false&#8220; custom_margin_tablet=&#8220;0px||||false|false&#8220; custom_margin_phone=&#8220;||30px||false|false&#8220; custom_margin_last_edited=&#8220;on|phone&#8220; global_colors_info=&#8220;{}&#8220;][et_pb_column type=&#8220;1_2&#8243; _builder_version=&#8220;4.17.6&#8243; _module_preset=&#8220;default&#8220; global_colors_info=&#8220;{}&#8220;][et_pb_image src=&#8220;https:\/\/www.abrihosting.cz\/wp-content\/uploads\/2023\/05\/sabris.png&#8220; title_text=&#8220;sabris&#8220; url=&#8220;https:\/\/www.sabris.com\/&#8220; url_new_window=&#8220;on&#8220; use_overlay=&#8220;on&#8220; overlay_icon_color=&#8220;#FFFFFF&#8220; hover_overlay_color=&#8220;rgba(36,106,237,0.6)&#8220; hover_icon=&#8220;&#xf3eb;||fa||400&#8243; module_class=&#8220;project-img&#8220; _builder_version=&#8220;4.20.2&#8243; _module_preset=&#8220;default&#8220; global_colors_info=&#8220;{}&#8220;][\/et_pb_image][et_pb_code _builder_version=&#8220;4.20.2&#8243; _module_preset=&#8220;default&#8220; global_colors_info=&#8220;{}&#8220;]<\/p>\n<div class=\"project-info\">\n<h3>Sabris CZ s.r.o.<\/h3>\n<pee>Custom webiste<\/pee><\/div>\n<p><!-- [et_pb_line_break_holder] --><!-- [et_pb_line_break_holder] --><!-- [et_pb_line_break_holder] --><\/p>\n<style><!-- [et_pb_line_break_holder] -->.project-info{width:100%;display:inline-flex;flex-direction:row;justify-content:space-between;margin-bottom:10px;}<!-- [et_pb_line_break_holder] -->.project-info h3{color:#fff;font-size:1.1rem;font-weight:600}<!-- [et_pb_line_break_holder] -->  .project-info p{font-size:0.7rem;line-height:1.4em;}<!-- [et_pb_line_break_holder] --><\/style>\n<p><!-- [et_pb_line_break_holder] -->[\/et_pb_code][\/et_pb_column][et_pb_column type=&#8220;1_2&#8243; _builder_version=&#8220;4.17.6&#8243; _module_preset=&#8220;default&#8220; global_colors_info=&#8220;{}&#8220;][et_pb_image src=&#8220;https:\/\/www.abrihosting.cz\/wp-content\/uploads\/2023\/05\/naplastova-pumpa.png&#8220; title_text=&#8220;naplastova pumpa&#8220; url=&#8220;https:\/\/naplastova-pumpa.cz\/&#8220; url_new_window=&#8220;on&#8220; use_overlay=&#8220;on&#8220; overlay_icon_color=&#8220;#FFFFFF&#8220; hover_overlay_color=&#8220;rgba(36,106,237,0.6)&#8220; hover_icon=&#8220;&#xf3eb;||fa||400&#8243; module_class=&#8220;project-img&#8220; _builder_version=&#8220;4.20.2&#8243; _module_preset=&#8220;default&#8220; global_colors_info=&#8220;{}&#8220;][\/et_pb_image][et_pb_code _builder_version=&#8220;4.20.2&#8243; _module_preset=&#8220;default&#8220; global_colors_info=&#8220;{}&#8220;]<\/p>\n<div class=\"project-info\">\n<h3>N\u00e1plas\u0165ov\u00e1 pumpa<\/h3>\n<pee>WordPress development<\/pee><\/div>\n<p><!-- [et_pb_line_break_holder] -->[\/et_pb_code][\/et_pb_column][\/et_pb_row][et_pb_row column_structure=&#8220;1_2,1_2&#8243; use_custom_gutter=&#8220;on&#8220; make_equal=&#8220;on&#8220; _builder_version=&#8220;4.20.2&#8243; _module_preset=&#8220;default&#8220; global_colors_info=&#8220;{}&#8220;][et_pb_column type=&#8220;1_2&#8243; _builder_version=&#8220;4.17.6&#8243; _module_preset=&#8220;default&#8220; global_colors_info=&#8220;{}&#8220;][et_pb_image src=&#8220;https:\/\/www.abrihosting.cz\/wp-content\/uploads\/2023\/05\/muzem-i-s-muzem.png&#8220; title_text=&#8220;muzem i s muzem&#8220; url=&#8220;https:\/\/www.muzemismuzem.cz\/&#8220; url_new_window=&#8220;on&#8220; use_overlay=&#8220;on&#8220; overlay_icon_color=&#8220;#FFFFFF&#8220; hover_overlay_color=&#8220;rgba(36,106,237,0.6)&#8220; hover_icon=&#8220;&#xf3eb;||fa||400&#8243; module_class=&#8220;project-img&#8220; _builder_version=&#8220;4.20.2&#8243; _module_preset=&#8220;default&#8220; global_colors_info=&#8220;{}&#8220;][\/et_pb_image][et_pb_code _builder_version=&#8220;4.20.2&#8243; _module_preset=&#8220;default&#8220; global_colors_info=&#8220;{}&#8220;]<\/p>\n<div class=\"project-info\">\n<h3>M\u016f\u017eem i s mu\u017eem<\/h3>\n<pee>WordPress development<\/pee><\/div>\n<p><!-- [et_pb_line_break_holder] -->[\/et_pb_code][\/et_pb_column][et_pb_column type=&#8220;1_2&#8243; _builder_version=&#8220;4.17.6&#8243; _module_preset=&#8220;default&#8220; global_colors_info=&#8220;{}&#8220;][et_pb_image src=&#8220;https:\/\/www.abrihosting.cz\/wp-content\/uploads\/2023\/05\/dasa-zazvurkova.png&#8220; title_text=&#8220;dasa zazvurkova&#8220; url=&#8220;https:\/\/www.dasazazvurkova.com\/&#8220; url_new_window=&#8220;on&#8220; use_overlay=&#8220;on&#8220; overlay_icon_color=&#8220;#FFFFFF&#8220; hover_overlay_color=&#8220;rgba(36,106,237,0.6)&#8220; hover_icon=&#8220;&#xf3eb;||fa||400&#8243; module_class=&#8220;project-img&#8220; _builder_version=&#8220;4.20.2&#8243; _module_preset=&#8220;default&#8220; global_colors_info=&#8220;{}&#8220;][\/et_pb_image][et_pb_code _builder_version=&#8220;4.20.2&#8243; _module_preset=&#8220;default&#8220; global_colors_info=&#8220;{}&#8220;]<\/p>\n<div class=\"project-info\">\n<h3>D\u00e1\u0161a Z\u00e1zv\u016frkov\u00e1<\/h3>\n<pee>Custom webiste<\/pee><\/div>\n<p><!-- [et_pb_line_break_holder] -->[\/et_pb_code][\/et_pb_column][\/et_pb_row][et_pb_row column_structure=&#8220;1_2,1_2&#8243; use_custom_gutter=&#8220;on&#8220; make_equal=&#8220;on&#8220; _builder_version=&#8220;4.20.2&#8243; _module_preset=&#8220;default&#8220; global_colors_info=&#8220;{}&#8220;][et_pb_column type=&#8220;1_2&#8243; _builder_version=&#8220;4.17.6&#8243; _module_preset=&#8220;default&#8220; global_colors_info=&#8220;{}&#8220;][et_pb_image src=&#8220;https:\/\/www.abrihosting.cz\/wp-content\/uploads\/2023\/05\/mlyn-davidkov.png&#8220; title_text=&#8220;mlyn davidkov&#8220; url=&#8220;https:\/\/www.mlyndavidkov.cz\/&#8220; url_new_window=&#8220;on&#8220; use_overlay=&#8220;on&#8220; overlay_icon_color=&#8220;#FFFFFF&#8220; hover_overlay_color=&#8220;rgba(36,106,237,0.6)&#8220; hover_icon=&#8220;&#xf3eb;||fa||400&#8243; module_class=&#8220;project-img&#8220; _builder_version=&#8220;4.20.2&#8243; _module_preset=&#8220;default&#8220; global_colors_info=&#8220;{}&#8220;][\/et_pb_image][et_pb_code _builder_version=&#8220;4.20.2&#8243; _module_preset=&#8220;default&#8220; global_colors_info=&#8220;{}&#8220;]<\/p>\n<div class=\"project-info\">\n<h3>Ml\u00fdn Dav\u00eddkov<\/h3>\n<pee>Custom webiste<\/pee><\/div>\n<p><!-- [et_pb_line_break_holder] -->[\/et_pb_code][\/et_pb_column][et_pb_column type=&#8220;1_2&#8243; _builder_version=&#8220;4.17.6&#8243; _module_preset=&#8220;default&#8220; global_colors_info=&#8220;{}&#8220;][et_pb_image src=&#8220;https:\/\/www.abrihosting.cz\/wp-content\/uploads\/2023\/05\/thorson-chemical.png&#8220; title_text=&#8220;thorson chemical&#8220; url=&#8220;https:\/\/thorson.cz\/&#8220; url_new_window=&#8220;on&#8220; use_overlay=&#8220;on&#8220; overlay_icon_color=&#8220;#FFFFFF&#8220; hover_overlay_color=&#8220;rgba(36,106,237,0.6)&#8220; hover_icon=&#8220;&#xf3eb;||fa||400&#8243; force_fullwidth=&#8220;on&#8220; module_class=&#8220;project-img&#8220; _builder_version=&#8220;4.20.2&#8243; _module_preset=&#8220;default&#8220; border_radii=&#8220;on|3px|3px|3px|3px&#8220; global_colors_info=&#8220;{}&#8220;][\/et_pb_image][et_pb_code _builder_version=&#8220;4.20.2&#8243; _module_preset=&#8220;default&#8220; global_colors_info=&#8220;{}&#8220;]<\/p>\n<div class=\"project-info\">\n<h3>Thorson Chemical<\/h3>\n<pee>Custom webiste<\/pee><\/div>\n<p><!-- [et_pb_line_break_holder] -->[\/et_pb_code][\/et_pb_column][\/et_pb_row][et_pb_row column_structure=&#8220;1_2,1_2&#8243; use_custom_gutter=&#8220;on&#8220; make_equal=&#8220;on&#8220; _builder_version=&#8220;4.20.2&#8243; _module_preset=&#8220;default&#8220; global_colors_info=&#8220;{}&#8220; locked=&#8220;off&#8220;][et_pb_column type=&#8220;1_2&#8243; _builder_version=&#8220;4.17.6&#8243; _module_preset=&#8220;default&#8220; global_colors_info=&#8220;{}&#8220;][et_pb_image src=&#8220;https:\/\/www.abrihosting.cz\/wp-content\/uploads\/2026\/04\/Betty-Tours-scaled.png&#8220; title_text=&#8220;Betty-Tours&#8220; url=&#8220;https:\/\/www.betty-tours.cz\/&#8220; url_new_window=&#8220;on&#8220; use_overlay=&#8220;on&#8220; overlay_icon_color=&#8220;#FFFFFF&#8220; hover_overlay_color=&#8220;rgba(36,106,237,0.6)&#8220; hover_icon=&#8220;&#xf3eb;||fa||400&#8243; module_class=&#8220;project-img&#8220; _builder_version=&#8220;4.20.2&#8243; _module_preset=&#8220;default&#8220; hover_enabled=&#8220;0&#8243; global_colors_info=&#8220;{}&#8220; sticky_enabled=&#8220;0&#8243;][\/et_pb_image][et_pb_code _builder_version=&#8220;4.20.2&#8243; _module_preset=&#8220;default&#8220; hover_enabled=&#8220;0&#8243; global_colors_info=&#8220;{}&#8220; sticky_enabled=&#8220;0&#8243;]<\/p>\n<div class=\"project-info\">\n<h3>Betty Tours<\/h3>\n<pee>Custom webiste<\/pee><\/div>\n<p><!-- [et_pb_line_break_holder] -->[\/et_pb_code][\/et_pb_column][et_pb_column type=&#8220;1_2&#8243; _builder_version=&#8220;4.17.6&#8243; _module_preset=&#8220;default&#8220; global_colors_info=&#8220;{}&#8220;][et_pb_image src=&#8220;https:\/\/www.abrihosting.cz\/wp-content\/uploads\/2026\/04\/A2L-scaled.png&#8220; title_text=&#8220;A2L&#8220; url=&#8220;https:\/\/www.a2l.cz\/&#8220; url_new_window=&#8220;on&#8220; use_overlay=&#8220;on&#8220; overlay_icon_color=&#8220;#FFFFFF&#8220; hover_overlay_color=&#8220;rgba(36,106,237,0.6)&#8220; hover_icon=&#8220;&#xf3eb;||fa||400&#8243; force_fullwidth=&#8220;on&#8220; module_class=&#8220;project-img&#8220; _builder_version=&#8220;4.20.2&#8243; _module_preset=&#8220;default&#8220; hover_enabled=&#8220;0&#8243; border_radii=&#8220;on|3px|3px|3px|3px&#8220; global_colors_info=&#8220;{}&#8220; sticky_enabled=&#8220;0&#8243;][\/et_pb_image][et_pb_code _builder_version=&#8220;4.20.2&#8243; _module_preset=&#8220;default&#8220; hover_enabled=&#8220;0&#8243; global_colors_info=&#8220;{}&#8220; sticky_enabled=&#8220;0&#8243;]<\/p>\n<div class=\"project-info\">\n<h3>A2L<\/h3>\n<pee>Custom webiste<\/pee><\/div>\n<p><!-- [et_pb_line_break_holder] -->[\/et_pb_code][\/et_pb_column][\/et_pb_row][et_pb_row column_structure=&#8220;1_2,1_2&#8243; use_custom_gutter=&#8220;on&#8220; make_equal=&#8220;on&#8220; _builder_version=&#8220;4.20.2&#8243; _module_preset=&#8220;default&#8220; global_colors_info=&#8220;{}&#8220; locked=&#8220;off&#8220;][et_pb_column type=&#8220;1_2&#8243; _builder_version=&#8220;4.17.6&#8243; _module_preset=&#8220;default&#8220; global_colors_info=&#8220;{}&#8220;][et_pb_image src=&#8220;https:\/\/www.abrihosting.cz\/wp-content\/uploads\/2026\/04\/ACCORD-PRAHA-scaled.png&#8220; title_text=&#8220;ACCORD PRAHA&#8220; url=&#8220;https:\/\/accord-praha.cz\/&#8220; url_new_window=&#8220;on&#8220; use_overlay=&#8220;on&#8220; overlay_icon_color=&#8220;#FFFFFF&#8220; hover_overlay_color=&#8220;rgba(36,106,237,0.6)&#8220; hover_icon=&#8220;&#xf3eb;||fa||400&#8243; module_class=&#8220;project-img&#8220; _builder_version=&#8220;4.20.2&#8243; _module_preset=&#8220;default&#8220; hover_enabled=&#8220;0&#8243; global_colors_info=&#8220;{}&#8220; sticky_enabled=&#8220;0&#8243;][\/et_pb_image][et_pb_code _builder_version=&#8220;4.20.2&#8243; _module_preset=&#8220;default&#8220; hover_enabled=&#8220;0&#8243; global_colors_info=&#8220;{}&#8220; sticky_enabled=&#8220;0&#8243;]<\/p>\n<div class=\"project-info\">\n<h3>ACCORD PRAHA<\/h3>\n<pee>Custom webiste<\/pee><\/div>\n<p><!-- [et_pb_line_break_holder] -->[\/et_pb_code][\/et_pb_column][et_pb_column type=&#8220;1_2&#8243; _builder_version=&#8220;4.17.6&#8243; _module_preset=&#8220;default&#8220; global_colors_info=&#8220;{}&#8220;][et_pb_image src=&#8220;https:\/\/www.abrihosting.cz\/wp-content\/uploads\/2026\/04\/FAST-FLUID-scaled.png&#8220; title_text=&#8220;FAST-FLUID&#8220; url=&#8220;https:\/\/fast-fluid.cz\/&#8220; url_new_window=&#8220;on&#8220; use_overlay=&#8220;on&#8220; overlay_icon_color=&#8220;#FFFFFF&#8220; hover_overlay_color=&#8220;rgba(36,106,237,0.6)&#8220; hover_icon=&#8220;&#xf3eb;||fa||400&#8243; force_fullwidth=&#8220;on&#8220; module_class=&#8220;project-img&#8220; _builder_version=&#8220;4.20.2&#8243; _module_preset=&#8220;default&#8220; hover_enabled=&#8220;0&#8243; border_radii=&#8220;on|3px|3px|3px|3px&#8220; global_colors_info=&#8220;{}&#8220; sticky_enabled=&#8220;0&#8243;][\/et_pb_image][et_pb_code _builder_version=&#8220;4.20.2&#8243; _module_preset=&#8220;default&#8220; hover_enabled=&#8220;0&#8243; global_colors_info=&#8220;{}&#8220; sticky_enabled=&#8220;0&#8243;]<\/p>\n<div class=\"project-info\">\n<h3>ACCORD PRAHA &#8211; Fast&#038;Fluid<\/h3>\n<pee>Custom webiste<\/pee><\/div>\n<p><!-- [et_pb_line_break_holder] -->[\/et_pb_code][\/et_pb_column][\/et_pb_row][et_pb_row column_structure=&#8220;1_2,1_2&#8243; use_custom_gutter=&#8220;on&#8220; make_equal=&#8220;on&#8220; _builder_version=&#8220;4.20.2&#8243; _module_preset=&#8220;default&#8220; global_colors_info=&#8220;{}&#8220; locked=&#8220;off&#8220;][et_pb_column type=&#8220;1_2&#8243; _builder_version=&#8220;4.17.6&#8243; _module_preset=&#8220;default&#8220; global_colors_info=&#8220;{}&#8220;][et_pb_image src=&#8220;https:\/\/www.abrihosting.cz\/wp-content\/uploads\/2026\/04\/Screenshot-2026-04-13-at-11.33.06-scaled.png&#8220; title_text=&#8220;Screenshot 2026-04-13 at 11.33.06&#8243; url=&#8220;https:\/\/moonbaseart.com\/&#8220; url_new_window=&#8220;on&#8220; use_overlay=&#8220;on&#8220; overlay_icon_color=&#8220;#FFFFFF&#8220; hover_overlay_color=&#8220;rgba(36,106,237,0.6)&#8220; hover_icon=&#8220;&#xf3eb;||fa||400&#8243; module_class=&#8220;project-img&#8220; _builder_version=&#8220;4.20.2&#8243; _module_preset=&#8220;default&#8220; hover_enabled=&#8220;0&#8243; global_colors_info=&#8220;{}&#8220; sticky_enabled=&#8220;0&#8243;][\/et_pb_image][et_pb_code _builder_version=&#8220;4.20.2&#8243; _module_preset=&#8220;default&#8220; hover_enabled=&#8220;0&#8243; global_colors_info=&#8220;{}&#8220; sticky_enabled=&#8220;0&#8243;]<\/p>\n<div class=\"project-info\">\n<h3>MOONBASEART<\/h3>\n<pee>Custom webiste<\/pee><\/div>\n<p><!-- [et_pb_line_break_holder] -->[\/et_pb_code][\/et_pb_column][et_pb_column type=&#8220;1_2&#8243; _builder_version=&#8220;4.17.6&#8243; _module_preset=&#8220;default&#8220; global_colors_info=&#8220;{}&#8220;][et_pb_image src=&#8220;https:\/\/www.abrihosting.cz\/wp-content\/uploads\/2026\/04\/Sententia-scaled.png&#8220; title_text=&#8220;Sententia&#8220; url=&#8220;https:\/\/www.sententia.cz\/&#8220; url_new_window=&#8220;on&#8220; use_overlay=&#8220;on&#8220; overlay_icon_color=&#8220;#FFFFFF&#8220; hover_overlay_color=&#8220;rgba(36,106,237,0.6)&#8220; hover_icon=&#8220;&#xf3eb;||fa||400&#8243; force_fullwidth=&#8220;on&#8220; module_class=&#8220;project-img&#8220; _builder_version=&#8220;4.20.2&#8243; _module_preset=&#8220;default&#8220; hover_enabled=&#8220;0&#8243; border_radii=&#8220;on|3px|3px|3px|3px&#8220; global_colors_info=&#8220;{}&#8220; sticky_enabled=&#8220;0&#8243;][\/et_pb_image][et_pb_code _builder_version=&#8220;4.20.2&#8243; _module_preset=&#8220;default&#8220; hover_enabled=&#8220;0&#8243; global_colors_info=&#8220;{}&#8220; sticky_enabled=&#8220;0&#8243;]<\/p>\n<div class=\"project-info\">\n<h3>Sententia Praga<\/h3>\n<pee>Custom webiste<\/pee><\/div>\n<p><!-- [et_pb_line_break_holder] -->[\/et_pb_code][\/et_pb_column][\/et_pb_row][\/et_pb_section]<\/p>","protected":false},"excerpt":{"rendered":"<p>PortfolioKa\u017ed\u00fd n\u00e1\u0161 projekt je jedine\u010dn\u00fd. Na\u0161im Z\u00e1kazn\u00edk\u016fm dod\u00e1v\u00e1me \u0159e\u0161en\u00ed, kter\u00e9 se dokonale hod\u00ed pro jejich pot\u0159eby. Pod\u00edvejte se na na\u0161i pr\u00e1ci a p\u0159e\u010dt\u011bte si o jednotliv\u00fdch projektech.<div class=\"et_pb_module lwp_divi_breadcrumbs lwp_divi_breadcrumbs_0\">\n\t\t\t\t\n\t\t\t\t\n\t\t\t\t\n\t\t\t\t\n\t\t\t\t\n\t\t\t\t\n\t\t\t\t<div class=\"et_pb_module_inner\">\n\t\t\t\t\t<div class=\"lwp-breadcrumbs\"> <span class=\"before\"><\/span> <span vocab=\"https:\/\/schema.org\/\" typeof=\"BreadcrumbList\"><span property=\"itemListElement\" typeof=\"ListItem\"><a property=\"item\" typeof=\"WebPage\" href=\"https:\/\/www.abrihosting.cz\/en\/\" class=\"home\"><span property=\"name\">Home<\/span><\/a><meta property=\"position\" content=\"1\"><\/span> <span class=\"separator et-pb-icon\">&amp;#x39;<\/span> <\/span><\/div>\n\t\t\t\t<\/div>\n\t\t\t<\/div><\/p>","protected":false},"author":1,"featured_media":0,"parent":0,"menu_order":0,"comment_status":"closed","ping_status":"closed","template":"","meta":{"_et_pb_use_builder":"on","_et_pb_old_content":"","_et_gb_content_width":"","inline_featured_image":false,"footnotes":""},"class_list":["post-65","page","type-page","status-publish","hentry"],"acf":[],"jetpack_sharing_enabled":true,"_links":{"self":[{"href":"https:\/\/www.abrihosting.cz\/en\/wp-json\/wp\/v2\/pages\/65","targetHints":{"allow":["GET"]}}],"collection":[{"href":"https:\/\/www.abrihosting.cz\/en\/wp-json\/wp\/v2\/pages"}],"about":[{"href":"https:\/\/www.abrihosting.cz\/en\/wp-json\/wp\/v2\/types\/page"}],"author":[{"embeddable":true,"href":"https:\/\/www.abrihosting.cz\/en\/wp-json\/wp\/v2\/users\/1"}],"replies":[{"embeddable":true,"href":"https:\/\/www.abrihosting.cz\/en\/wp-json\/wp\/v2\/comments?post=65"}],"version-history":[{"count":54,"href":"https:\/\/www.abrihosting.cz\/en\/wp-json\/wp\/v2\/pages\/65\/revisions"}],"predecessor-version":[{"id":242680,"href":"https:\/\/www.abrihosting.cz\/en\/wp-json\/wp\/v2\/pages\/65\/revisions\/242680"}],"wp:attachment":[{"href":"https:\/\/www.abrihosting.cz\/en\/wp-json\/wp\/v2\/media?parent=65"}],"curies":[{"name":"wp","href":"https:\/\/api.w.org\/{rel}","templated":true}]}}