{"id":241003,"date":"2023-01-23T16:01:19","date_gmt":"2023-01-23T16:01:19","guid":{"rendered":"https:\/\/www.abrihosting.cz\/?page_id=241003"},"modified":"2023-05-23T15:41:33","modified_gmt":"2023-05-23T15:41:33","slug":"sprava-socialnich-siti","status":"publish","type":"page","link":"https:\/\/www.abrihosting.cz\/en\/nase-prace\/sprava-socialnich-siti\/","title":{"rendered":"Social network management"},"content":{"rendered":"<p>[et_pb_section fb_built=&#8220;1&#8243; _builder_version=&#8220;4.20.2&#8243; _module_preset=&#8220;6e955b81-c233-4f5c-98ee-c5b22888a5ae&#8220; hover_enabled=&#8220;0&#8243; da_disable_devices=&#8220;off|off|off&#8220; global_colors_info=&#8220;{}&#8220; custom_padding_last_edited=&#8220;on|phone&#8220; custom_padding_phone=&#8220;130px||30px||false|false&#8220; sticky_enabled=&#8220;0&#8243; da_is_popup=&#8220;off&#8220; da_exit_intent=&#8220;off&#8220; da_has_close=&#8220;on&#8220; da_alt_close=&#8220;off&#8220; da_dark_close=&#8220;off&#8220; da_not_modal=&#8220;on&#8220; da_is_singular=&#8220;off&#8220; da_with_loader=&#8220;off&#8220; da_has_shadow=&#8220;on&#8220;][et_pb_row column_structure=&#8220;1_2,1_2&#8243; use_custom_gutter=&#8220;on&#8220; gutter_width=&#8220;2&#8243; _builder_version=&#8220;4.17.6&#8243; _module_preset=&#8220;default&#8220; custom_margin=&#8220;0px||90px||false|false&#8220; global_colors_info=&#8220;{}&#8220;][et_pb_column type=&#8220;1_2&#8243; _builder_version=&#8220;4.17.6&#8243; _module_preset=&#8220;default&#8220; global_colors_info=&#8220;{}&#8220;][et_pb_text _builder_version=&#8220;4.17.6&#8243; _module_preset=&#8220;default&#8220; text_text_color=&#8220;#FFFFFF&#8220; text_font_size=&#8220;20px&#8220; custom_margin=&#8220;||0px||false|false&#8220; global_colors_info=&#8220;{}&#8220;]<\/p>\n<p>Kvalitn\u00ed a levn\u00e1<\/p>\n<p>[\/et_pb_text][et_pb_text _builder_version=&#8220;4.17.6&#8243; _module_preset=&#8220;default&#8220; header_text_color=&#8220;#FFFFFF&#8220; global_colors_info=&#8220;{}&#8220;]<\/p>\n<h1>Social network management<\/h1>\n<p>[\/et_pb_text][\/et_pb_column][et_pb_column type=&#8220;1_2&#8243; _builder_version=&#8220;4.17.6&#8243; _module_preset=&#8220;default&#8220; global_colors_info=&#8220;{}&#8220;][et_pb_text _builder_version=&#8220;4.20.2&#8243; _module_preset=&#8220;623deee6-a0ed-4c3d-943e-1f074f174e2d&#8220; hover_enabled=&#8220;0&#8243; global_colors_info=&#8220;{}&#8220; border_width_left_last_edited=&#8220;on|phone&#8220; border_width_left_phone=&#8220;0px&#8220; custom_padding_last_edited=&#8220;on|phone&#8220; custom_padding_phone=&#8220;|10px||10px|false|false&#8220; text_orientation_last_edited=&#8220;on|phone&#8220; text_orientation_phone=&#8220;center&#8220; sticky_enabled=&#8220;0&#8243;]<\/p>\n<p>Zajist\u00edme v\u00e1m v\u011bhlasnou p\u0159\u00edtomnost na soci\u00e1ln\u00edch s\u00edt\u00edch.<br \/>Spolu s tvorbou a \u00fadr\u017ebou \u00fa\u010dtu v\u00e1m p\u0159iprav\u00edme dynamick\u00fd obsah spolu s copytexty, kter\u00e9 zaujmou.<\/p>\n<p>[\/et_pb_text][\/et_pb_column][\/et_pb_row][et_pb_row _builder_version=&#8220;4.17.6&#8243; _module_preset=&#8220;default&#8220; custom_margin=&#8220;0px||0px||false|false&#8220; global_colors_info=&#8220;{}&#8220;][et_pb_column type=&#8220;4_4&#8243; _builder_version=&#8220;4.17.6&#8243; _module_preset=&#8220;default&#8220; global_colors_info=&#8220;{}&#8220;][lwp_divi_breadcrumbs home_text=&#8220;\u00davod&#8220; link_color=&#8220;#aaaaaa&#8220; separator_color=&#8220;#aaaaaa&#8220; current_text_color=&#8220;#ffffff&#8220; _builder_version=&#8220;4.17.6&#8243; _module_preset=&#8220;default&#8220; text_orientation=&#8220;left&#8220; global_colors_info=&#8220;{}&#8220;][\/lwp_divi_breadcrumbs][\/et_pb_column][\/et_pb_row][\/et_pb_section][et_pb_section fb_built=&#8220;1&#8243; _builder_version=&#8220;4.20.2&#8243; _module_preset=&#8220;default&#8220; background_color=&#8220;RGBA(255,255,255,0)&#8220; custom_padding=&#8220;0px||45px||false|false&#8220; da_disable_devices=&#8220;off|off|off&#8220; global_colors_info=&#8220;{}&#8220; da_is_popup=&#8220;off&#8220; da_exit_intent=&#8220;off&#8220; da_has_close=&#8220;on&#8220; da_alt_close=&#8220;off&#8220; da_dark_close=&#8220;off&#8220; da_not_modal=&#8220;on&#8220; da_is_singular=&#8220;off&#8220; da_with_loader=&#8220;off&#8220; da_has_shadow=&#8220;on&#8220;][et_pb_row _builder_version=&#8220;4.20.2&#8243; _module_preset=&#8220;default&#8220; background_color=&#8220;#333333&#8243; custom_padding=&#8220;45px|45px|45px|45px|true|true&#8220; border_radii=&#8220;on|3px|3px|3px|3px&#8220; global_colors_info=&#8220;{}&#8220;][et_pb_column type=&#8220;4_4&#8243; _builder_version=&#8220;4.20.2&#8243; _module_preset=&#8220;default&#8220; global_colors_info=&#8220;{}&#8220;][et_pb_text _builder_version=&#8220;4.20.2&#8243; _module_preset=&#8220;default&#8220; custom_padding=&#8220;||0px||false|false&#8220; global_colors_info=&#8220;{}&#8220;]<\/p>\n<h2 style=\"text-align: center;\">Str\u00e1nku pro V\u00e1s p\u0159ipravujeme.<\/h2>\n<p>[\/et_pb_text][et_pb_image src=&#8220;https:\/\/www.abrihosting.cz\/wp-content\/uploads\/2023\/04\/sprava-socialnich-siti-1.svg&#8220; title_text=&#8220;sprava socialnich siti&#8220; align=&#8220;center&#8220; _builder_version=&#8220;4.20.2&#8243; _module_preset=&#8220;default&#8220; global_colors_info=&#8220;{}&#8220;][\/et_pb_image][\/et_pb_column][\/et_pb_row][\/et_pb_section]<\/p>","protected":false},"excerpt":{"rendered":"<p>Kvalitn\u00ed a levn\u00e1Spr\u00e1va soci\u00e1ln\u00edch s\u00edt\u00edZajist\u00edme v\u00e1m v\u011bhlasnou p\u0159\u00edtomnost na soci\u00e1ln\u00edch s\u00edt\u00edch.Spolu s tvorbou a \u00fadr\u017ebou \u00fa\u010dtu v\u00e1m p\u0159iprav\u00edme dynamick\u00fd obsah spolu s copytexty, kter\u00e9 zaujmou.<div class=\"et_pb_module lwp_divi_breadcrumbs lwp_divi_breadcrumbs_0\">\n\t\t\t\t\n\t\t\t\t\n\t\t\t\t\n\t\t\t\t\n\t\t\t\t\n\t\t\t\t\n\t\t\t\t<div class=\"et_pb_module_inner\">\n\t\t\t\t\t<div class=\"lwp-breadcrumbs\"> <span class=\"before\"><\/span> <span vocab=\"https:\/\/schema.org\/\" typeof=\"BreadcrumbList\"><span property=\"itemListElement\" typeof=\"ListItem\"><a property=\"item\" typeof=\"WebPage\" href=\"https:\/\/www.abrihosting.cz\/en\/\" class=\"home\"><span property=\"name\">Home<\/span><\/a><meta property=\"position\" content=\"1\"><\/span> <span class=\"separator et-pb-icon\">&amp;#x39;<\/span> <\/span><\/div>\n\t\t\t\t<\/div>\n\t\t\t<\/div>Str\u00e1nku pro V\u00e1s p\u0159ipravujeme.<\/p>","protected":false},"author":1,"featured_media":0,"parent":240695,"menu_order":0,"comment_status":"closed","ping_status":"closed","template":"","meta":{"_et_pb_use_builder":"on","_et_pb_old_content":"<!-- wp:divi\/placeholder \/-->","_et_gb_content_width":"","inline_featured_image":false,"footnotes":""},"class_list":["post-241003","page","type-page","status-publish","hentry"],"acf":[],"jetpack_sharing_enabled":true,"_links":{"self":[{"href":"https:\/\/www.abrihosting.cz\/en\/wp-json\/wp\/v2\/pages\/241003","targetHints":{"allow":["GET"]}}],"collection":[{"href":"https:\/\/www.abrihosting.cz\/en\/wp-json\/wp\/v2\/pages"}],"about":[{"href":"https:\/\/www.abrihosting.cz\/en\/wp-json\/wp\/v2\/types\/page"}],"author":[{"embeddable":true,"href":"https:\/\/www.abrihosting.cz\/en\/wp-json\/wp\/v2\/users\/1"}],"replies":[{"embeddable":true,"href":"https:\/\/www.abrihosting.cz\/en\/wp-json\/wp\/v2\/comments?post=241003"}],"version-history":[{"count":8,"href":"https:\/\/www.abrihosting.cz\/en\/wp-json\/wp\/v2\/pages\/241003\/revisions"}],"predecessor-version":[{"id":242312,"href":"https:\/\/www.abrihosting.cz\/en\/wp-json\/wp\/v2\/pages\/241003\/revisions\/242312"}],"up":[{"embeddable":true,"href":"https:\/\/www.abrihosting.cz\/en\/wp-json\/wp\/v2\/pages\/240695"}],"wp:attachment":[{"href":"https:\/\/www.abrihosting.cz\/en\/wp-json\/wp\/v2\/media?parent=241003"}],"curies":[{"name":"wp","href":"https:\/\/api.w.org\/{rel}","templated":true}]}}