{"id":240998,"date":"2023-01-23T15:58:21","date_gmt":"2023-01-23T15:58:21","guid":{"rendered":"https:\/\/www.abrihosting.cz\/?page_id=240998"},"modified":"2026-04-13T09:30:18","modified_gmt":"2026-04-13T09:30:18","slug":"web-na-miru","status":"publish","type":"page","link":"https:\/\/www.abrihosting.cz\/en\/nase-prace\/web-na-miru\/","title":{"rendered":"Custom webiste"},"content":{"rendered":"<p>[et_pb_section fb_built=&#8220;1&#8243; custom_padding_last_edited=&#8220;on|desktop&#8220; _builder_version=&#8220;4.20.2&#8243; _module_preset=&#8220;6e955b81-c233-4f5c-98ee-c5b22888a5ae&#8220; custom_margin_tablet=&#8220;&#8220; custom_margin_phone=&#8220;&#8220; custom_margin_last_edited=&#8220;on|phone&#8220; custom_padding_tablet=&#8220;&#8220; custom_padding_phone=&#8220;130px||||false|false&#8220; da_disable_devices=&#8220;off|off|off&#8220; global_colors_info=&#8220;{}&#8220; da_is_popup=&#8220;off&#8220; da_exit_intent=&#8220;off&#8220; da_has_close=&#8220;on&#8220; da_alt_close=&#8220;off&#8220; da_dark_close=&#8220;off&#8220; da_not_modal=&#8220;on&#8220; da_is_singular=&#8220;off&#8220; da_with_loader=&#8220;off&#8220; da_has_shadow=&#8220;on&#8220;][et_pb_row column_structure=&#8220;1_2,1_2&#8243; use_custom_gutter=&#8220;on&#8220; _builder_version=&#8220;4.20.2&#8243; _module_preset=&#8220;default&#8220; custom_margin=&#8220;0px||90px||false|false&#8220; global_colors_info=&#8220;{}&#8220;][et_pb_column type=&#8220;1_2&#8243; _builder_version=&#8220;4.17.6&#8243; _module_preset=&#8220;default&#8220; global_colors_info=&#8220;{}&#8220;][et_pb_text _builder_version=&#8220;4.17.6&#8243; _module_preset=&#8220;default&#8220; text_text_color=&#8220;#FFFFFF&#8220; text_font_size=&#8220;20px&#8220; custom_margin=&#8220;||0px||false|false&#8220; global_colors_info=&#8220;{}&#8220;]<\/p>\n<p>Po\u0159i\u010fte si<\/p>\n<p>[\/et_pb_text][et_pb_text _builder_version=&#8220;4.17.6&#8243; _module_preset=&#8220;default&#8220; header_text_color=&#8220;#FFFFFF&#8220; global_colors_info=&#8220;{}&#8220;]<\/p>\n<h1>Custom webiste<\/h1>\n<p>[\/et_pb_text][\/et_pb_column][et_pb_column type=&#8220;1_2&#8243; _builder_version=&#8220;4.17.6&#8243; _module_preset=&#8220;default&#8220; global_colors_info=&#8220;{}&#8220;][et_pb_text _builder_version=&#8220;4.20.2&#8243; _module_preset=&#8220;623deee6-a0ed-4c3d-943e-1f074f174e2d&#8220; custom_padding_tablet=&#8220;&#8220; custom_padding_phone=&#8220;|10px||10px|false|false&#8220; custom_padding_last_edited=&#8220;on|phone&#8220; text_orientation_tablet=&#8220;&#8220; text_orientation_phone=&#8220;center&#8220; text_orientation_last_edited=&#8220;on|phone&#8220; border_width_left_tablet=&#8220;&#8220; border_width_left_phone=&#8220;0px&#8220; border_width_left_last_edited=&#8220;on|phone&#8220; global_colors_info=&#8220;{}&#8220;]<\/p>\n<p>V pr\u016fb\u011bhu na\u0161ich let v oboru jsme si vyvinuli osv\u011bd\u010den\u00e9 postupy, kter\u00e9 lze aplikovat na \u0161irokou \u0161k\u00e1lu r\u016fzn\u00fdch projekt\u016f. N\u00ed\u017ee m\u00e1te mo\u017enost sezn\u00e1mit se s t\u00edm, co jednotliv\u00e9 f\u00e1ze tvorby webu obn\u00e1\u0161ej\u00ed. A\u0165 v\u00edte, co V\u00e1s \u010dek\u00e1.<\/p>\n<p>[\/et_pb_text][\/et_pb_column][\/et_pb_row][et_pb_row _builder_version=&#8220;4.17.6&#8243; _module_preset=&#8220;default&#8220; custom_margin=&#8220;0px||0px||false|false&#8220; global_colors_info=&#8220;{}&#8220;][et_pb_column type=&#8220;4_4&#8243; _builder_version=&#8220;4.17.6&#8243; _module_preset=&#8220;default&#8220; global_colors_info=&#8220;{}&#8220;][lwp_divi_breadcrumbs home_text=&#8220;\u00davod&#8220; link_color=&#8220;#aaaaaa&#8220; separator_color=&#8220;#aaaaaa&#8220; current_text_color=&#8220;#ffffff&#8220; _builder_version=&#8220;4.20.2&#8243; _module_preset=&#8220;default&#8220; text_orientation=&#8220;left&#8220; hover_enabled=&#8220;0&#8243; global_colors_info=&#8220;{}&#8220; font_icon=&#8220;&#x39;||divi||400&#8243; sticky_enabled=&#8220;0&#8243;][\/lwp_divi_breadcrumbs][\/et_pb_column][\/et_pb_row][\/et_pb_section][et_pb_section fb_built=&#8220;1&#8243; _builder_version=&#8220;4.20.2&#8243; _module_preset=&#8220;default&#8220; background_color=&#8220;RGBA(255,255,255,0)&#8220; da_disable_devices=&#8220;off|off|off&#8220; global_colors_info=&#8220;{}&#8220; da_is_popup=&#8220;off&#8220; da_exit_intent=&#8220;off&#8220; da_has_close=&#8220;on&#8220; da_alt_close=&#8220;off&#8220; da_dark_close=&#8220;off&#8220; da_not_modal=&#8220;on&#8220; da_is_singular=&#8220;off&#8220; da_with_loader=&#8220;off&#8220; da_has_shadow=&#8220;on&#8220;][et_pb_row column_structure=&#8220;2_5,3_5&#8243; make_equal=&#8220;on&#8220; _builder_version=&#8220;4.20.2&#8243; _module_preset=&#8220;default&#8220; global_colors_info=&#8220;{}&#8220;][et_pb_column type=&#8220;2_5&#8243; _builder_version=&#8220;4.20.2&#8243; _module_preset=&#8220;default&#8220; custom_css_main_element=&#8220;display:flex;flex-direction:column;justify-content:flex-end;&#8220; global_colors_info=&#8220;{}&#8220;][et_pb_image src=&#8220;https:\/\/www.abrihosting.cz\/wp-content\/uploads\/2023\/04\/WordPress-Abri-development.svg&#8220; title_text=&#8220;WordPress-Abri-development&#8220; _builder_version=&#8220;4.20.2&#8243; _module_preset=&#8220;default&#8220; global_colors_info=&#8220;{}&#8220;][\/et_pb_image][\/et_pb_column][et_pb_column type=&#8220;3_5&#8243; _builder_version=&#8220;4.20.2&#8243; _module_preset=&#8220;default&#8220; global_colors_info=&#8220;{}&#8220;][et_pb_text _builder_version=&#8220;4.20.2&#8243; _module_preset=&#8220;default&#8220; custom_margin=&#8220;||30px||false|false&#8220; custom_css_before=&#8220;content:url(&#8218;https:\/\/www.abrihosting.cz\/wp-content\/uploads\/2023\/04\/krouzek.svg&#8216;);||position:absolute;top:-40px;&#8220; global_colors_info=&#8220;{}&#8220;]<\/p>\n<h2>D\u011bl\u00e1me ve WordPressu!<\/h2>\n<p>[\/et_pb_text][et_pb_text _builder_version=&#8220;4.20.2&#8243; _module_preset=&#8220;default&#8220; global_colors_info=&#8220;{}&#8220;]<strong>D\u00edky na\u0161im zku\u0161enostem v oblasti WordPressu<\/strong> jsme schopni pomoci s v\u00fdvojem nov\u00fdch funkc\u00ed, optimalizac\u00ed rychlosti na\u010d\u00edt\u00e1n\u00ed a zaji\u0161t\u011bn\u00edm bezpe\u010dnosti va\u0161ich webov\u00fdch str\u00e1nek. To v\u0161e s&nbsp;c\u00edlem zlep\u0161it u\u017eivatelskou zku\u0161enost va\u0161ich n\u00e1v\u0161t\u011bvn\u00edk\u016f a <strong>zv\u00fd\u0161it \u00fasp\u011b\u0161nost va\u0161\u00ed online p\u0159\u00edtomnosti<\/strong>.<\/p>\n<p>Na\u0161e firma nab\u00edz\u00ed \u0161irokou \u0161k\u00e1lu slu\u017eeb, v\u010detn\u011b \u00fadr\u017eby, aktualizac\u00ed a optimalizace pro SEO, kter\u00e9 v\u00e1m pomohou udr\u017eet va\u0161e webov\u00e9 str\u00e1nky <strong>aktu\u00e1ln\u00ed a konkurenceschopn\u00e9<\/strong>.<\/p>\n<p>Vyu\u017e\u00edv\u00e1n\u00ed na\u0161ich slu\u017eeb m\u016f\u017ee pro v\u00e1s b\u00fdt v\u00fdhodn\u00e9 i z ekonomick\u00e9ho hlediska, jeliko\u017e u\u0161et\u0159\u00edte n\u00e1klady, kter\u00e9 by jinak byly nutn\u00e9 vynalo\u017eit na intern\u00ed v\u00fdvoj. Nav\u00edc z\u00edsk\u00e1te k dispozici t\u00fdm odborn\u00edk\u016f, kte\u0159\u00ed se budou v\u011bnovat va\u0161im po\u017eadavk\u016fm a poskytnou v\u00e1m <strong>rychlou a efektivn\u00ed podporu<\/strong>.<\/p>\n<p><strong>Spolupr\u00e1ce s n\u00e1mi v\u00e1m pom\u016f\u017ee zv\u00fd\u0161it kvalitu a v\u00fdkon va\u0161ich webov\u00fdch str\u00e1nek<\/strong> a&nbsp;p\u0159in\u00e9st v\u00e1m v\u011bt\u0161\u00ed \u00fasp\u011bch va\u0161\u00ed online p\u0159\u00edtomnosti. <a href=\"https:\/\/www.abrihosting.cz\/en\/kontakt\/\"><strong>Kontaktujte n\u00e1s<\/strong><\/a> a dejte n\u00e1m \u0161anci uk\u00e1zat v\u00e1m, jak m\u016f\u017eeme b\u00fdt pro va\u0161i firmu prosp\u011b\u0161n\u00ed.[\/et_pb_text][et_pb_code _builder_version=&#8220;4.20.2&#8243; _module_preset=&#8220;default&#8220; global_colors_info=&#8220;{}&#8220;]<a href=\"https:\/\/www.abrihosting.cz\/en\/objednavka\/\"><button class=\"main-button\"><!-- [et_pb_line_break_holder] -->  Objednat web na m\u00edru<!-- [et_pb_line_break_holder] --><\/button><\/a>[\/et_pb_code][\/et_pb_column][\/et_pb_row][\/et_pb_section][et_pb_section fb_built=&#8220;1&#8243; _builder_version=&#8220;4.20.2&#8243; _module_preset=&#8220;default&#8220; background_color=&#8220;RGBA(255,255,255,0)&#8220; custom_margin=&#8220;||||false|false&#8220; custom_padding=&#8220;60px||60px||true|false&#8220; da_disable_devices=&#8220;off|off|off&#8220; global_colors_info=&#8220;{}&#8220; da_is_popup=&#8220;off&#8220; da_exit_intent=&#8220;off&#8220; da_has_close=&#8220;on&#8220; da_alt_close=&#8220;off&#8220; da_dark_close=&#8220;off&#8220; da_not_modal=&#8220;on&#8220; da_is_singular=&#8220;off&#8220; da_with_loader=&#8220;off&#8220; da_has_shadow=&#8220;on&#8220;][et_pb_row _builder_version=&#8220;4.20.2&#8243; _module_preset=&#8220;default&#8220; custom_margin=&#8220;0px||60px||false|false&#8220; global_colors_info=&#8220;{}&#8220;][et_pb_column type=&#8220;4_4&#8243; _builder_version=&#8220;4.20.2&#8243; _module_preset=&#8220;default&#8220; global_colors_info=&#8220;{}&#8220;][et_pb_text _builder_version=&#8220;4.20.2&#8243; _module_preset=&#8220;default&#8220; custom_margin=&#8220;||0px||false|false&#8220; custom_css_before=&#8220;content:url(&#8218;https:\/\/www.abrihosting.cz\/wp-content\/uploads\/2023\/04\/krouzek.svg&#8216;);||position:absolute;top:-30px;&#8220; custom_css_main_element=&#8220;display:flex;justify-content:center;&#8220; global_colors_info=&#8220;{}&#8220;]<\/p>\n<h2 style=\"text-align: center;\">Pr\u016fm\u011brn\u00e9 statistiky na\u0161ich klient\u016f<\/h2>\n<p>[\/et_pb_text][et_pb_text _builder_version=&#8220;4.20.2&#8243; _module_preset=&#8220;default&#8220; global_colors_info=&#8220;{}&#8220;]<\/p>\n<p style=\"text-align: center;\"><em>podle PageSpeed Insights anal\u00fdzy<\/em><\/p>\n<p>[\/et_pb_text][\/et_pb_column][\/et_pb_row][et_pb_row column_structure=&#8220;1_4,1_4,1_4,1_4&#8243; _builder_version=&#8220;4.20.2&#8243; _module_preset=&#8220;default&#8220; global_colors_info=&#8220;{}&#8220;][et_pb_column type=&#8220;1_4&#8243; _builder_version=&#8220;4.20.2&#8243; _module_preset=&#8220;default&#8220; global_colors_info=&#8220;{}&#8220;][et_pb_circle_counter title=&#8220;V\u00fdkon webu&#8220; number=&#8220;93&#8243; bar_bg_color=&#8220;#246aed&#8220; circle_color=&#8220;#246aed&#8220; circle_color_alpha=&#8220;0.2&#8243; _builder_version=&#8220;4.20.2&#8243; _module_preset=&#8220;default&#8220; title_font=&#8220;|600|||||||&#8220; title_text_color=&#8220;#FFFFFF&#8220; title_font_size=&#8220;20px&#8220; title_line_height=&#8220;1.4em&#8220; number_font=&#8220;|600|||||||&#8220; number_text_color=&#8220;#FFFFFF&#8220; global_colors_info=&#8220;{}&#8220;][\/et_pb_circle_counter][\/et_pb_column][et_pb_column type=&#8220;1_4&#8243; _builder_version=&#8220;4.20.2&#8243; _module_preset=&#8220;default&#8220; global_colors_info=&#8220;{}&#8220;][et_pb_circle_counter title=&#8220;P\u0159\u00edstupnost&#8220; number=&#8220;97&#8243; bar_bg_color=&#8220;#246aed&#8220; circle_color=&#8220;#246aed&#8220; circle_color_alpha=&#8220;0.2&#8243; _builder_version=&#8220;4.20.2&#8243; _module_preset=&#8220;default&#8220; title_font=&#8220;|600|||||||&#8220; title_text_color=&#8220;#FFFFFF&#8220; title_font_size=&#8220;20px&#8220; title_line_height=&#8220;1.4em&#8220; number_font=&#8220;|600|||||||&#8220; number_text_color=&#8220;#FFFFFF&#8220; global_colors_info=&#8220;{}&#8220;][\/et_pb_circle_counter][\/et_pb_column][et_pb_column type=&#8220;1_4&#8243; _builder_version=&#8220;4.20.2&#8243; _module_preset=&#8220;default&#8220; global_colors_info=&#8220;{}&#8220;][et_pb_circle_counter title=&#8220;Doporu\u010den\u00e9 postupy&#8220; number=&#8220;96&#8243; bar_bg_color=&#8220;#246aed&#8220; circle_color=&#8220;#246aed&#8220; circle_color_alpha=&#8220;0.2&#8243; _builder_version=&#8220;4.20.2&#8243; _module_preset=&#8220;default&#8220; title_font=&#8220;|600|||||||&#8220; title_text_color=&#8220;#FFFFFF&#8220; title_font_size=&#8220;20px&#8220; title_line_height=&#8220;1.4em&#8220; number_font=&#8220;|600|||||||&#8220; number_text_color=&#8220;#FFFFFF&#8220; global_colors_info=&#8220;{}&#8220;][\/et_pb_circle_counter][\/et_pb_column][et_pb_column type=&#8220;1_4&#8243; _builder_version=&#8220;4.20.2&#8243; _module_preset=&#8220;default&#8220; global_colors_info=&#8220;{}&#8220;][et_pb_circle_counter title=&#8220;SEO&#8220; number=&#8220;94&#8243; bar_bg_color=&#8220;#246aed&#8220; circle_color=&#8220;#246aed&#8220; circle_color_alpha=&#8220;0.2&#8243; _builder_version=&#8220;4.20.2&#8243; _module_preset=&#8220;default&#8220; title_font=&#8220;|600|||||||&#8220; title_text_color=&#8220;#FFFFFF&#8220; title_font_size=&#8220;20px&#8220; title_line_height=&#8220;1.4em&#8220; number_font=&#8220;|600|||||||&#8220; number_text_color=&#8220;#FFFFFF&#8220; global_colors_info=&#8220;{}&#8220;][\/et_pb_circle_counter][\/et_pb_column][\/et_pb_row][\/et_pb_section][et_pb_section fb_built=&#8220;1&#8243; _builder_version=&#8220;4.20.2&#8243; _module_preset=&#8220;default&#8220; background_color=&#8220;RGBA(255,255,255,0)&#8220; da_disable_devices=&#8220;off|off|off&#8220; global_colors_info=&#8220;{}&#8220; da_is_popup=&#8220;off&#8220; da_exit_intent=&#8220;off&#8220; da_has_close=&#8220;on&#8220; da_alt_close=&#8220;off&#8220; da_dark_close=&#8220;off&#8220; da_not_modal=&#8220;on&#8220; da_is_singular=&#8220;off&#8220; da_with_loader=&#8220;off&#8220; da_has_shadow=&#8220;on&#8220;][et_pb_row column_structure=&#8220;3_5,2_5&#8243; make_equal=&#8220;on&#8220; _builder_version=&#8220;4.20.2&#8243; _module_preset=&#8220;default&#8220; global_colors_info=&#8220;{}&#8220; custom_css_main_element_last_edited=&#8220;on|phone&#8220; custom_css_main_element_phone=&#8220;display:flex;flex-direction:column-reverse;&#8220;][et_pb_column type=&#8220;3_5&#8243; _builder_version=&#8220;4.20.2&#8243; _module_preset=&#8220;default&#8220; custom_css_main_element=&#8220;display:flex;flex-direction:column;justify-content:center;&#8220; global_colors_info=&#8220;{}&#8220;][et_pb_text content_tablet=&#8220;<\/p>\n<h2 style=\"%22text-align:\" left;%22>Nejlep\u0161\u00ed je d\u00e1t k n\u00e1m v\u0161echno<\/h2>\n<p><strong>Hled\u00e1te spolehliv\u00e9ho partnera<\/strong> pro v\u00fdvoj a spr\u00e1vu va\u0161ich webov\u00fdch str\u00e1nek postaven\u00fdch na platform\u011b WordPress? Na\u0161e firma se specializuje pr\u00e1v\u011b na tento druh slu\u017eeb a nab\u00edz\u00ed v\u00e1m odbornost a zku\u0161enosti pot\u0159ebn\u00e9 pro \u00fasp\u011b\u0161n\u00fd a bezprobl\u00e9mov\u00fd provoz va\u0161ich str\u00e1nek v\u010detn\u011b dal\u0161\u00edch slu\u017eeb, kter\u00e9 jsou pro online prezentaci va\u0161\u00ed firmy tak d\u016fle\u017eit\u00e9.<\/p>\n<p>Na\u0161im klient\u016fm poskytujeme tak\u00e9 pluginy na kter\u00e9 m\u00e1me licenci. Nab\u00edz\u00edme \u0161irokou \u0161k\u00e1lu plugin\u016f, kter\u00e9 obecn\u011b zlep\u0161uj\u00ed chod webu. N\u011bkter\u00e9 web zrychluj\u00ed, jin\u00e9 slou\u017e\u00ed k p\u0159eklad\u016fm nebo m\u011b\u0159en\u00ed n\u00e1v\u0161t\u011bvnosti str\u00e1nek. Tyto v\u0161echny pluginy jsou zahrnuty v cen\u011b webu a my V\u00e1m tak m\u016f\u017eeme dodat opravdu kvalitn\u00ed \u0159e\u0161en\u00ed bez jak\u00fdchkoliv komplikac\u00ed.<\/p>\n<p>&#8220; content_phone=&#8220;<\/p>\n<h2>Nejlep\u0161\u00ed je d\u00e1t k n\u00e1m v\u0161echno<\/h2>\n<p><strong>Hled\u00e1te spolehliv\u00e9ho partnera<\/strong> pro v\u00fdvoj a spr\u00e1vu va\u0161ich webov\u00fdch str\u00e1nek postaven\u00fdch na platform\u011b WordPress? Na\u0161e firma se specializuje pr\u00e1v\u011b na tento druh slu\u017eeb a nab\u00edz\u00ed v\u00e1m odbornost a zku\u0161enosti pot\u0159ebn\u00e9 pro \u00fasp\u011b\u0161n\u00fd a bezprobl\u00e9mov\u00fd provoz va\u0161ich str\u00e1nek v\u010detn\u011b dal\u0161\u00edch slu\u017eeb, kter\u00e9 jsou pro online prezentaci va\u0161\u00ed firmy tak d\u016fle\u017eit\u00e9.<\/p>\n<p>Na\u0161im klient\u016fm poskytujeme tak\u00e9 pluginy na kter\u00e9 m\u00e1me licenci. Nab\u00edz\u00edme \u0161irokou \u0161k\u00e1lu plugin\u016f, kter\u00e9 obecn\u011b zlep\u0161uj\u00ed chod webu. N\u011bkter\u00e9 web zrychluj\u00ed, jin\u00e9 slou\u017e\u00ed k p\u0159eklad\u016fm nebo m\u011b\u0159en\u00ed n\u00e1v\u0161t\u011bvnosti str\u00e1nek. Tyto v\u0161echny pluginy jsou zahrnuty v cen\u011b webu a my V\u00e1m tak m\u016f\u017eeme dodat opravdu kvalitn\u00ed \u0159e\u0161en\u00ed bez jak\u00fdchkoliv komplikac\u00ed.<\/p>\n<p>&#8220; content_last_edited=&#8220;on|phone&#8220; _builder_version=&#8220;4.20.2&#8243; _module_preset=&#8220;default&#8220; global_colors_info=&#8220;{}&#8220;]<\/p>\n<h2 style=\"text-align: left;\">Nejlep\u0161\u00ed je d\u00e1t k n\u00e1m v\u0161echno<\/h2>\n<p><strong>Hled\u00e1te spolehliv\u00e9ho partnera<\/strong> pro v\u00fdvoj a spr\u00e1vu va\u0161ich webov\u00fdch str\u00e1nek postaven\u00fdch na platform\u011b WordPress? Na\u0161e firma se specializuje pr\u00e1v\u011b na tento druh slu\u017eeb a nab\u00edz\u00ed v\u00e1m odbornost a zku\u0161enosti pot\u0159ebn\u00e9 pro \u00fasp\u011b\u0161n\u00fd a bezprobl\u00e9mov\u00fd provoz va\u0161ich str\u00e1nek v\u010detn\u011b dal\u0161\u00edch slu\u017eeb, kter\u00e9 jsou pro online prezentaci va\u0161\u00ed firmy tak d\u016fle\u017eit\u00e9.<\/p>\n<p>Na\u0161im klient\u016fm poskytujeme tak\u00e9 pluginy na kter\u00e9 m\u00e1me licenci. Nab\u00edz\u00edme \u0161irokou \u0161k\u00e1lu plugin\u016f, kter\u00e9 obecn\u011b zlep\u0161uj\u00ed chod webu. N\u011bkter\u00e9 web zrychluj\u00ed, jin\u00e9 slou\u017e\u00ed k p\u0159eklad\u016fm nebo m\u011b\u0159en\u00ed n\u00e1v\u0161t\u011bvnosti str\u00e1nek. Tyto v\u0161echny pluginy jsou zahrnuty v cen\u011b webu a my V\u00e1m tak m\u016f\u017eeme dodat opravdu kvalitn\u00ed \u0159e\u0161en\u00ed bez jak\u00fdchkoliv komplikac\u00ed.<\/p>\n<p>[\/et_pb_text][et_pb_code _builder_version=&#8220;4.20.2&#8243; _module_preset=&#8220;default&#8220; global_colors_info=&#8220;{}&#8220;]<a href=\"https:\/\/www.abrihosting.cz\/en\/objednavka\/\"><button class=\"main-button\"><!-- [et_pb_line_break_holder] -->  Objednat web na m\u00edru<!-- [et_pb_line_break_holder] --><\/button><\/a>[\/et_pb_code][\/et_pb_column][et_pb_column type=&#8220;2_5&#8243; _builder_version=&#8220;4.20.2&#8243; _module_preset=&#8220;default&#8220; global_colors_info=&#8220;{}&#8220; custom_css_main_element_last_edited=&#8220;on|phone&#8220; custom_css_main_element_phone=&#8220;margin-bottom:45px !important;&#8220;][et_pb_image src=&#8220;https:\/\/www.abrihosting.cz\/wp-content\/uploads\/2023\/04\/Nejlepsi-je-dat-k-nam-vse.svg&#8220; title_text=&#8220;Nejlepsi-je-dat-k-nam-vse&#8220; align=&#8220;center&#8220; _builder_version=&#8220;4.20.2&#8243; _module_preset=&#8220;default&#8220; global_colors_info=&#8220;{}&#8220;][\/et_pb_image][\/et_pb_column][\/et_pb_row][et_pb_row use_custom_gutter=&#8220;on&#8220; make_equal=&#8220;on&#8220; _builder_version=&#8220;4.20.2&#8243; _module_preset=&#8220;default&#8220; background_color=&#8220;#1a1a1a&#8220; background_enable_image=&#8220;off&#8220; background_size=&#8220;custom&#8220; background_image_height=&#8220;60%&#8220; background_position=&#8220;center_left&#8220; background_horizontal_offset=&#8220;5%&#8220; max_width=&#8220;800px&#8220; custom_margin=&#8220;60px||30px||false|false&#8220; custom_padding=&#8220;45px|45px|45px|45px|true|true&#8220; border_radii=&#8220;on|3px|3px|3px|3px&#8220; global_colors_info=&#8220;{}&#8220;][et_pb_column type=&#8220;4_4&#8243; _builder_version=&#8220;4.17.6&#8243; _module_preset=&#8220;default&#8220; custom_css_main_element=&#8220;display: flex;||flex-direction: column;||justify-content: center;&#8220; global_colors_info=&#8220;{}&#8220;][et_pb_image src=&#8220;https:\/\/www.abrihosting.cz\/wp-content\/uploads\/2023\/04\/mail-abri-1.svg&#8220; title_text=&#8220;mail-abri&#8220; align=&#8220;center&#8220; _builder_version=&#8220;4.20.2&#8243; _module_preset=&#8220;default&#8220; custom_css_main_element=&#8220;display:flex;flex-direction:column;justify-content:flex-start;z-index:200 !important;&#8220; global_colors_info=&#8220;{}&#8220;][\/et_pb_image][et_pb_text _builder_version=&#8220;4.20.2&#8243; _module_preset=&#8220;default&#8220; custom_margin=&#8220;10px||0px||false|false&#8220; custom_css_before=&#8220;content:url(&#8218;https:\/\/www.abrihosting.cz\/wp-content\/uploads\/2023\/04\/underline2.svg&#8216;);||position:absolute;bottom:-20px;&#8220; custom_css_main_element=&#8220;display:flex;justify-content:center;&#8220; global_colors_info=&#8220;{}&#8220;]<\/p>\n<h2 style=\"text-align: center;\">U\u017e m\u00e1te jasno?<\/h2>\n<p>[\/et_pb_text][et_pb_text _builder_version=&#8220;4.20.2&#8243; _module_preset=&#8220;default&#8220; custom_margin=&#8220;10px||30px||false|false&#8220; global_colors_info=&#8220;{}&#8220;]<\/p>\n<p style=\"text-align: center;\">Chcete s n\u00e1mi spolupracovat a m\u00e1te u\u017e obr\u00e1zek o tom, co na webu chcete a&nbsp;pot\u0159ebujete?<\/p>\n<p style=\"text-align: center;\"><em><strong>Dejte n\u00e1m v\u011bd\u011bt pomoc\u00ed objedn\u00e1vkov\u00e9ho formul\u00e1\u0159e!<\/strong><\/em><\/p>\n<p>[\/et_pb_text][et_pb_code _builder_version=&#8220;4.20.2&#8243; _module_preset=&#8220;default&#8220; text_orientation=&#8220;center&#8220; global_colors_info=&#8220;{}&#8220;]<a href=\"https:\/\/www.abrihosting.cz\/en\/objednavka\/\"><button class=\"main-button\"><!-- [et_pb_line_break_holder] -->  Objedn\u00e1vkov\u00fd formul\u00e1\u0159<!-- [et_pb_line_break_holder] --><\/button><\/a>[\/et_pb_code][\/et_pb_column][\/et_pb_row][\/et_pb_section]<\/p>","protected":false},"excerpt":{"rendered":"<p>Po\u0159i\u010fte siWeb na m\u00edruV pr\u016fb\u011bhu na\u0161ich let v oboru jsme si vyvinuli osv\u011bd\u010den\u00e9 postupy, kter\u00e9 lze aplikovat na \u0161irokou \u0161k\u00e1lu r\u016fzn\u00fdch projekt\u016f. N\u00ed\u017ee m\u00e1te mo\u017enost sezn\u00e1mit se s t\u00edm, co jednotliv\u00e9 f\u00e1ze tvorby webu obn\u00e1\u0161ej\u00ed. A\u0165 v\u00edte, co V\u00e1s \u010dek\u00e1.<div class=\"et_pb_module lwp_divi_breadcrumbs lwp_divi_breadcrumbs_0\">\n\t\t\t\t\n\t\t\t\t\n\t\t\t\t\n\t\t\t\t\n\t\t\t\t\n\t\t\t\t\n\t\t\t\t<div class=\"et_pb_module_inner\">\n\t\t\t\t\t<div class=\"lwp-breadcrumbs\"> <span class=\"before\"><\/span> <span vocab=\"https:\/\/schema.org\/\" typeof=\"BreadcrumbList\"><span property=\"itemListElement\" typeof=\"ListItem\"><a property=\"item\" typeof=\"WebPage\" href=\"https:\/\/www.abrihosting.cz\/en\/\" class=\"home\"><span property=\"name\">Home<\/span><\/a><meta property=\"position\" content=\"1\"><\/span> <span class=\"separator et-pb-icon\">&#x39;<\/span> <\/span><\/div>\n\t\t\t\t<\/div>\n\t\t\t<\/div>D\u011bl\u00e1me ve WordPressu!D\u00edky na\u0161im zku\u0161enostem [&hellip;]<\/p>","protected":false},"author":1,"featured_media":0,"parent":240695,"menu_order":0,"comment_status":"closed","ping_status":"closed","template":"","meta":{"_et_pb_use_builder":"on","_et_pb_old_content":"","_et_gb_content_width":"","inline_featured_image":false,"footnotes":""},"class_list":["post-240998","page","type-page","status-publish","hentry"],"acf":[],"jetpack_sharing_enabled":true,"_links":{"self":[{"href":"https:\/\/www.abrihosting.cz\/en\/wp-json\/wp\/v2\/pages\/240998","targetHints":{"allow":["GET"]}}],"collection":[{"href":"https:\/\/www.abrihosting.cz\/en\/wp-json\/wp\/v2\/pages"}],"about":[{"href":"https:\/\/www.abrihosting.cz\/en\/wp-json\/wp\/v2\/types\/page"}],"author":[{"embeddable":true,"href":"https:\/\/www.abrihosting.cz\/en\/wp-json\/wp\/v2\/users\/1"}],"replies":[{"embeddable":true,"href":"https:\/\/www.abrihosting.cz\/en\/wp-json\/wp\/v2\/comments?post=240998"}],"version-history":[{"count":52,"href":"https:\/\/www.abrihosting.cz\/en\/wp-json\/wp\/v2\/pages\/240998\/revisions"}],"predecessor-version":[{"id":242671,"href":"https:\/\/www.abrihosting.cz\/en\/wp-json\/wp\/v2\/pages\/240998\/revisions\/242671"}],"up":[{"embeddable":true,"href":"https:\/\/www.abrihosting.cz\/en\/wp-json\/wp\/v2\/pages\/240695"}],"wp:attachment":[{"href":"https:\/\/www.abrihosting.cz\/en\/wp-json\/wp\/v2\/media?parent=240998"}],"curies":[{"name":"wp","href":"https:\/\/api.w.org\/{rel}","templated":true}]}}