{"id":240695,"date":"2022-12-08T14:31:07","date_gmt":"2022-12-08T14:31:07","guid":{"rendered":"https:\/\/www.abrihosting.cz\/?page_id=240695"},"modified":"2023-05-23T17:46:08","modified_gmt":"2023-05-23T17:46:08","slug":"nase-prace","status":"publish","type":"page","link":"https:\/\/www.abrihosting.cz\/en\/nase-prace\/","title":{"rendered":"Our work"},"content":{"rendered":"<p>[et_pb_section fb_built=&#8220;1&#8243; custom_padding_last_edited=&#8220;on|phone&#8220; _builder_version=&#8220;4.20.2&#8243; _module_preset=&#8220;6e955b81-c233-4f5c-98ee-c5b22888a5ae&#8220; custom_padding_tablet=&#8220;&#8220; custom_padding_phone=&#8220;130px||30px||false|false&#8220; da_disable_devices=&#8220;off|off|off&#8220; global_colors_info=&#8220;{}&#8220; da_is_popup=&#8220;off&#8220; da_exit_intent=&#8220;off&#8220; da_has_close=&#8220;on&#8220; da_alt_close=&#8220;off&#8220; da_dark_close=&#8220;off&#8220; da_not_modal=&#8220;on&#8220; da_is_singular=&#8220;off&#8220; da_with_loader=&#8220;off&#8220; da_has_shadow=&#8220;on&#8220;][et_pb_row column_structure=&#8220;1_2,1_2&#8243; use_custom_gutter=&#8220;on&#8220; _builder_version=&#8220;4.20.2&#8243; _module_preset=&#8220;default&#8220; custom_margin=&#8220;0px||90px||false|false&#8220; global_colors_info=&#8220;{}&#8220;][et_pb_column type=&#8220;1_2&#8243; _builder_version=&#8220;4.17.6&#8243; _module_preset=&#8220;default&#8220; global_colors_info=&#8220;{}&#8220;][et_pb_text _builder_version=&#8220;4.17.6&#8243; _module_preset=&#8220;default&#8220; header_text_color=&#8220;#FFFFFF&#8220; header_line_height=&#8220;1em&#8220; global_colors_info=&#8220;{}&#8220;]<\/p>\n<h1>Our work<\/h1>\n<p>[\/et_pb_text][\/et_pb_column][et_pb_column type=&#8220;1_2&#8243; _builder_version=&#8220;4.17.6&#8243; _module_preset=&#8220;default&#8220; global_colors_info=&#8220;{}&#8220;][et_pb_text _builder_version=&#8220;4.20.2&#8243; _module_preset=&#8220;623deee6-a0ed-4c3d-943e-1f074f174e2d&#8220; custom_padding_tablet=&#8220;&#8220; custom_padding_phone=&#8220;|10px||10px|false|false&#8220; custom_padding_last_edited=&#8220;on|phone&#8220; text_orientation_tablet=&#8220;&#8220; text_orientation_phone=&#8220;center&#8220; text_orientation_last_edited=&#8220;on|phone&#8220; border_width_left_tablet=&#8220;&#8220; border_width_left_phone=&#8220;0px&#8220; border_width_left_last_edited=&#8220;on|phone&#8220; global_colors_info=&#8220;{}&#8220;]<\/p>\n<p>V pr\u016fb\u011bhu na\u0161ich let v oboru jsme si vyvinuli osv\u011bd\u010den\u00e9 postupy, kter\u00e9 lze aplikovat na \u0161irokou \u0161k\u00e1lu r\u016fzn\u00fdch projekt\u016f. N\u00ed\u017ee m\u00e1te mo\u017enost sezn\u00e1mit se s t\u00edm, co jednotliv\u00e9 f\u00e1ze tvorby webu obn\u00e1\u0161ej\u00ed. A\u0165 v\u00edte, co V\u00e1s \u010dek\u00e1.<\/p>\n<p>[\/et_pb_text][\/et_pb_column][\/et_pb_row][et_pb_row _builder_version=&#8220;4.17.6&#8243; _module_preset=&#8220;default&#8220; custom_margin=&#8220;0px||0px||false|false&#8220; global_colors_info=&#8220;{}&#8220;][et_pb_column type=&#8220;4_4&#8243; _builder_version=&#8220;4.17.6&#8243; _module_preset=&#8220;default&#8220; global_colors_info=&#8220;{}&#8220;][lwp_divi_breadcrumbs home_text=&#8220;\u00davod&#8220; link_color=&#8220;#aaaaaa&#8220; separator_color=&#8220;#aaaaaa&#8220; current_text_color=&#8220;#ffffff&#8220; _builder_version=&#8220;4.17.6&#8243; _module_preset=&#8220;default&#8220; text_orientation=&#8220;left&#8220; global_colors_info=&#8220;{}&#8220;][\/lwp_divi_breadcrumbs][\/et_pb_column][\/et_pb_row][\/et_pb_section][et_pb_section fb_built=&#8220;1&#8243; _builder_version=&#8220;4.20.2&#8243; _module_preset=&#8220;default&#8220; background_color=&#8220;RGBA(255,255,255,0)&#8220; custom_margin=&#8220;0px||||false|false&#8220; custom_padding=&#8220;0px||||false|false&#8220; da_disable_devices=&#8220;off|off|off&#8220; global_colors_info=&#8220;{}&#8220; da_is_popup=&#8220;off&#8220; da_exit_intent=&#8220;off&#8220; da_has_close=&#8220;on&#8220; da_alt_close=&#8220;off&#8220; da_dark_close=&#8220;off&#8220; da_not_modal=&#8220;on&#8220; da_is_singular=&#8220;off&#8220; da_with_loader=&#8220;off&#8220; da_has_shadow=&#8220;on&#8220;][et_pb_row column_structure=&#8220;1_2,1_2&#8243; use_custom_gutter=&#8220;on&#8220; _builder_version=&#8220;4.20.2&#8243; _module_preset=&#8220;default&#8220; custom_margin=&#8220;0px||0px||false|false&#8220; global_colors_info=&#8220;{}&#8220;][et_pb_column type=&#8220;1_2&#8243; _builder_version=&#8220;4.17.6&#8243; _module_preset=&#8220;default&#8220; global_colors_info=&#8220;{}&#8220;][et_pb_code raw_content_last_edited=&#8220;on|phone&#8220; _builder_version=&#8220;4.20.2&#8243; _dynamic_attributes=&#8220;link_option_url&#8220; _module_preset=&#8220;default&#8220; link_option_url=&#8220;@ET-DC@eyJkeW5hbWljIjp0cnVlLCJjb250ZW50IjoicG9zdF9saW5rX3VybF9wYWdlIiwic2V0dGluZ3MiOnsicG9zdF9pZCI6IjI0MDk5OCJ9fQ==@&#8220; hover_enabled=&#8220;0&#8243; global_colors_info=&#8220;{}&#8220; sticky_enabled=&#8220;0&#8243;]<\/p>\n<div class=\"our-work-block\"><!-- [et_pb_line_break_holder] -->  <\/p>\n<div class=\"our-work-txt\"><!-- [et_pb_line_break_holder] -->    <\/p>\n<h3>Custom webiste<\/h3>\n<p><!-- [et_pb_line_break_holder] -->    <pee><!-- [et_pb_line_break_holder] -->      Vytvo\u0159\u00edme V\u00e1m web od A do Z. Dejte va\u0161emu projektu nov\u00fd sm\u011br d\u00edky p\u0159ehledn\u00e9mu a\u00a0modern\u00edmu webu, kter\u00fd nezklame V\u00e1s, ani va\u0161e z\u00e1kazn\u00edky.<!-- [et_pb_line_break_holder] -->    <\/pee><!-- [et_pb_line_break_holder] -->    <a href=\"https:\/\/www.abrihosting.cz\/en\/nase-prace\/web-na-miru\/\"><button class=\"secondary-button\"><!-- [et_pb_line_break_holder] -->      Show more<!-- [et_pb_line_break_holder] -->    <\/button><\/a><!-- [et_pb_line_break_holder] -->    <\/p>\n<div class=\"our-work-img\"><!-- [et_pb_line_break_holder] -->    <img decoding=\"async\" src=\"https:\/\/www.abrihosting.cz\/wp-content\/uploads\/2023\/04\/web-na-miru-1.svg\"><!-- [et_pb_line_break_holder] -->  <\/div>\n<p><!-- [et_pb_line_break_holder] -->  <\/div>\n<p><!-- [et_pb_line_break_holder] --><\/div>\n<p>[\/et_pb_code][et_pb_code raw_content_last_edited=&#8220;on|phone&#8220; _builder_version=&#8220;4.20.2&#8243; _dynamic_attributes=&#8220;link_option_url&#8220; _module_preset=&#8220;default&#8220; link_option_url=&#8220;@ET-DC@eyJkeW5hbWljIjp0cnVlLCJjb250ZW50IjoicG9zdF9saW5rX3VybF9wYWdlIiwic2V0dGluZ3MiOnsicG9zdF9pZCI6IjI0MDk5NSJ9fQ==@&#8220; hover_enabled=&#8220;0&#8243; global_colors_info=&#8220;{}&#8220; sticky_enabled=&#8220;0&#8243;]<\/p>\n<div class=\"our-work-block\"><!-- [et_pb_line_break_holder] -->  <\/p>\n<div class=\"our-work-img\"><!-- [et_pb_line_break_holder] -->    <img decoding=\"async\" src=\"https:\/\/www.abrihosting.cz\/wp-content\/uploads\/2023\/04\/seo-a-optimalizace.svg\"><!-- [et_pb_line_break_holder] -->  <\/div>\n<p><!-- [et_pb_line_break_holder] -->  <\/p>\n<div class=\"our-work-txt\"><!-- [et_pb_line_break_holder] -->    <\/p>\n<h3>SEO &amp; optimalization<\/h3>\n<p><!-- [et_pb_line_break_holder] -->    <pee><!-- [et_pb_line_break_holder] -->      Nejen \u017ee v\u00e1\u0161 web zviditeln\u00edme d\u00edky skv\u011bl\u00e9 SEO optimalizaci, provedeme tak\u00e9 kompletn\u00ed anal\u00fdzu a\u00a0maximalizujeme jeho rychlost.<!-- [et_pb_line_break_holder] -->    <\/pee><!-- [et_pb_line_break_holder] -->    <a href=\"https:\/\/www.abrihosting.cz\/en\/nase-prace\/seo-a-optimalizace\/\"><button class=\"secondary-button\"><!-- [et_pb_line_break_holder] -->      Show more<!-- [et_pb_line_break_holder] -->    <\/button><\/a><!-- [et_pb_line_break_holder] -->  <\/div>\n<p><!-- [et_pb_line_break_holder] --><\/div>\n<p><!-- [et_pb_line_break_holder] -->[\/et_pb_code][\/et_pb_column][et_pb_column type=&#8220;1_2&#8243; _builder_version=&#8220;4.17.6&#8243; _module_preset=&#8220;default&#8220; global_colors_info=&#8220;{}&#8220;][et_pb_code raw_content_last_edited=&#8220;on|phone&#8220; _builder_version=&#8220;4.20.2&#8243; _dynamic_attributes=&#8220;link_option_url&#8220; _module_preset=&#8220;default&#8220; link_option_url=&#8220;@ET-DC@eyJkeW5hbWljIjp0cnVlLCJjb250ZW50IjoicG9zdF9saW5rX3VybF9wYWdlIiwic2V0dGluZ3MiOnsicG9zdF9pZCI6IjI0MTAwMSJ9fQ==@&#8220; hover_enabled=&#8220;0&#8243; global_colors_info=&#8220;{}&#8220; sticky_enabled=&#8220;0&#8243;]<\/p>\n<div class=\"our-work-block\"><!-- [et_pb_line_break_holder] -->  <\/p>\n<div class=\"our-work-img\"><!-- [et_pb_line_break_holder] -->    <img decoding=\"async\" src=\"https:\/\/www.abrihosting.cz\/wp-content\/uploads\/2023\/04\/e-shop-ktery-prodava-1.svg\"><!-- [et_pb_line_break_holder] -->  <\/div>\n<p><!-- [et_pb_line_break_holder] -->  <\/p>\n<div class=\"our-work-txt\"><!-- [et_pb_line_break_holder] -->    <\/p>\n<h3>E-shop that sells<\/h3>\n<p><!-- [et_pb_line_break_holder] -->    <pee><!-- [et_pb_line_break_holder] -->     Pro prodej slu\u017eeb a produkt\u016f je nutn\u00e1 spolehliv\u00e1 a\u00a0p\u0159ehledn\u00e1 platforma, ke kter\u00e9 se Va\u0161i z\u00e1kazn\u00edci budou s\u00a0radost\u00ed vracet.<!-- [et_pb_line_break_holder] -->    <\/pee><!-- [et_pb_line_break_holder] -->    <a href=\"https:\/\/www.abrihosting.cz\/en\/nase-prace\/e-shop-ktery-prodava\/\"><button class=\"secondary-button\"><!-- [et_pb_line_break_holder] -->      Show more<!-- [et_pb_line_break_holder] -->    <\/button><\/a><!-- [et_pb_line_break_holder] -->  <\/div>\n<p><!-- [et_pb_line_break_holder] --><\/div>\n<p>[\/et_pb_code][et_pb_code _builder_version=&#8220;4.20.2&#8243; _dynamic_attributes=&#8220;link_option_url&#8220; _module_preset=&#8220;default&#8220; link_option_url=&#8220;@ET-DC@eyJkeW5hbWljIjp0cnVlLCJjb250ZW50IjoicG9zdF9saW5rX3VybF9wYWdlIiwic2V0dGluZ3MiOnsicG9zdF9pZCI6IjI0MTAwMyJ9fQ==@&#8220; hover_enabled=&#8220;0&#8243; global_colors_info=&#8220;{}&#8220; raw_content_last_edited=&#8220;on|phone&#8220; sticky_enabled=&#8220;0&#8243;]<\/p>\n<div class=\"our-work-block\"><!-- [et_pb_line_break_holder] -->  <!-- [et_pb_line_break_holder] -->  <\/p>\n<div class=\"our-work-txt\"><!-- [et_pb_line_break_holder] -->    <\/p>\n<h3>Social network management<\/h3>\n<p><!-- [et_pb_line_break_holder] -->    <pee><!-- [et_pb_line_break_holder] -->     Zajist\u00edme v\u00e1m v\u011bhlasnou p\u0159\u00edtomnost na soci\u00e1ln\u00edch s\u00edt\u00edch.<!-- [et_pb_line_break_holder] -->Spolu s tvorbou a \u00fadr\u017ebou \u00fa\u010dtu v\u00e1m p\u0159iprav\u00edme dynamick\u00fd obsah spolu s copytexty, kter\u00e9 zaujmou.<!-- [et_pb_line_break_holder] -->    <\/pee><!-- [et_pb_line_break_holder] -->    <a href=\"https:\/\/www.abrihosting.cz\/en\/nase-prace\/sprava-socialnich-siti\/\"><button class=\"secondary-button\"><!-- [et_pb_line_break_holder] -->      Show more<!-- [et_pb_line_break_holder] -->    <\/button><\/a><!-- [et_pb_line_break_holder] -->    <\/p>\n<div class=\"our-work-img\"><!-- [et_pb_line_break_holder] -->    <img decoding=\"async\" src=\"https:\/\/www.abrihosting.cz\/wp-content\/uploads\/2023\/04\/sprava-socialnich-siti-1.svg\"><!-- [et_pb_line_break_holder] -->  <\/div>\n<p><!-- [et_pb_line_break_holder] -->  <\/div>\n<p><!-- [et_pb_line_break_holder] --><\/div>\n<p>[\/et_pb_code][\/et_pb_column][\/et_pb_row][\/et_pb_section]<\/p>","protected":false},"excerpt":{"rendered":"<p>Na\u0161e pr\u00e1ceV pr\u016fb\u011bhu na\u0161ich let v oboru jsme si vyvinuli osv\u011bd\u010den\u00e9 postupy, kter\u00e9 lze aplikovat na \u0161irokou \u0161k\u00e1lu r\u016fzn\u00fdch projekt\u016f. N\u00ed\u017ee m\u00e1te mo\u017enost sezn\u00e1mit se s t\u00edm, co jednotliv\u00e9 f\u00e1ze tvorby webu obn\u00e1\u0161ej\u00ed. A\u0165 v\u00edte, co V\u00e1s \u010dek\u00e1.<div class=\"et_pb_module lwp_divi_breadcrumbs lwp_divi_breadcrumbs_0\">\n\t\t\t\t\n\t\t\t\t\n\t\t\t\t\n\t\t\t\t\n\t\t\t\t\n\t\t\t\t\n\t\t\t\t<div class=\"et_pb_module_inner\">\n\t\t\t\t\t<div class=\"lwp-breadcrumbs\"> <span class=\"before\"><\/span> <span vocab=\"https:\/\/schema.org\/\" typeof=\"BreadcrumbList\"><span property=\"itemListElement\" typeof=\"ListItem\"><a property=\"item\" typeof=\"WebPage\" href=\"https:\/\/www.abrihosting.cz\/en\/\" class=\"home\"><span property=\"name\">Home<\/span><\/a><meta property=\"position\" content=\"1\"><\/span> <span class=\"separator et-pb-icon\">&amp;#x39;<\/span> <\/span><\/div>\n\t\t\t\t<\/div>\n\t\t\t<\/div><\/p>","protected":false},"author":1,"featured_media":0,"parent":0,"menu_order":0,"comment_status":"closed","ping_status":"closed","template":"","meta":{"_et_pb_use_builder":"on","_et_pb_old_content":"<!-- wp:divi\/placeholder \/-->","_et_gb_content_width":"","inline_featured_image":false,"footnotes":""},"class_list":["post-240695","page","type-page","status-publish","hentry"],"acf":[],"jetpack_sharing_enabled":true,"_links":{"self":[{"href":"https:\/\/www.abrihosting.cz\/en\/wp-json\/wp\/v2\/pages\/240695","targetHints":{"allow":["GET"]}}],"collection":[{"href":"https:\/\/www.abrihosting.cz\/en\/wp-json\/wp\/v2\/pages"}],"about":[{"href":"https:\/\/www.abrihosting.cz\/en\/wp-json\/wp\/v2\/types\/page"}],"author":[{"embeddable":true,"href":"https:\/\/www.abrihosting.cz\/en\/wp-json\/wp\/v2\/users\/1"}],"replies":[{"embeddable":true,"href":"https:\/\/www.abrihosting.cz\/en\/wp-json\/wp\/v2\/comments?post=240695"}],"version-history":[{"count":56,"href":"https:\/\/www.abrihosting.cz\/en\/wp-json\/wp\/v2\/pages\/240695\/revisions"}],"predecessor-version":[{"id":242383,"href":"https:\/\/www.abrihosting.cz\/en\/wp-json\/wp\/v2\/pages\/240695\/revisions\/242383"}],"wp:attachment":[{"href":"https:\/\/www.abrihosting.cz\/en\/wp-json\/wp\/v2\/media?parent=240695"}],"curies":[{"name":"wp","href":"https:\/\/api.w.org\/{rel}","templated":true}]}}